{"id":1325,"date":"2023-07-31T22:16:17","date_gmt":"2023-08-01T02:16:17","guid":{"rendered":"https:\/\/neuromelly.com\/?post_type=product&#038;p=1325"},"modified":"2025-02-02T20:11:09","modified_gmt":"2025-02-03T01:11:09","slug":"lunch-and-learn","status":"publish","type":"product","link":"https:\/\/neuromelly.com\/fr\/product\/lunch-and-learn\/","title":{"rendered":"Lunch and Learn sur la neurodiversit\u00e9"},"content":{"rendered":"<\/div>\n<div>\n<h3>Lunch and Learn, utilisez votre heure de diner pour apprendre \ud83d\ude42<\/h3>\n<p><strong><em>Mercredi le 14 ao\u00fbt 2024 \u00e0 12h15 \u00e0 13h<\/em><\/strong><\/p>\n<p><em>Lieu: Google meet<\/em><\/p>\n<p>Pour voir mon travail gratuitement avec l&rsquo;\u00e9v\u00e9nement de sensibilisation \u00e0 la neurodiversit\u00e9: <a href=\"https:\/\/buymeacoffee.com\/neuromelly\">https:\/\/buymeacoffee.com\/neuromelly<\/a> (2 \u00e9v\u00e9nements en anglais et 1 en fran\u00e7ais)<\/p>\n<div class=\"x1e56ztr\"><span class=\"x193iq5w xeuugli x13faqbe x1vvkbs x1xmvt09 x6prxxf xvq8zen xo1l8bm xzsf02u\">Cet atelier s&rsquo;adresse \u00e0 tous et vise \u00e0 ouvrir le dialogue et \u00e0 briser les tabous sur la neurodiversit\u00e9 (TDAH, autisme, etc) en milieu de travail.. Normalement cet atelier est fait en entreprise, mais pour tester le publique et int\u00e9r\u00eat, tous est invit\u00e9 \u00e0 participer! Pour m&rsquo;inviter \u00e0 donner cet atelier \u00e0 vos employ\u00e9s, n&rsquo;h\u00e9sitez pas \u00e0 m&rsquo;\u00e9crire au melly@neuromelly.com<\/span><\/div>\n<div><\/div>\n<div>VOUS DEVEZ \u00caTES OUVERT \u00c0 POSER DES QUESTION SUR LA NEURODIVERSIT\u00c9! Chaque participant sera invit\u00e9 \u00e0 poser sa question. C&rsquo;est atelier est con\u00e7u pour \u00eatre un briseur de tabous et tous doit participer \u00e0 la discussion!<\/div>\n<div><\/div>\n<div class=\"x1e56ztr\"><span class=\"x193iq5w xeuugli x13faqbe x1vvkbs x1xmvt09 x6prxxf xvq8zen xo1l8bm xzsf02u\"><span class=\"html-span xdj266r x11i5rnm xat24cr x1mh8g0r xexx8yu x4uap5 x18d9i69 xkhd6sd x1hl2dhg x16tdsg8 x1vvkbs\"><b class=\"html-b xdj266r x11i5rnm xat24cr x1mh8g0r xexx8yu x4uap5 x18d9i69 xkhd6sd x1hl2dhg x16tdsg8 x1vvkbs x1s688f\">Programme de l&rsquo;atelier de 45 mins:<\/b><\/span><\/span><\/div>\n<div class=\"x1e56ztr\"><span class=\"x193iq5w xeuugli x13faqbe x1vvkbs x1xmvt09 x6prxxf xvq8zen xo1l8bm xzsf02u\"><strong><span class=\"html-span xdj266r x11i5rnm xat24cr x1mh8g0r xexx8yu x4uap5 x18d9i69 xkhd6sd x1hl2dhg x16tdsg8 x1vvkbs\"><i class=\"html-i xdj266r x11i5rnm xat24cr x1mh8g0r xexx8yu x4uap5 x18d9i69 xkhd6sd x1hl2dhg x16tdsg8 x1vvkbs\">Introduction Personnelle\u00a0<\/i><\/span>:<\/strong> Un aper\u00e7u de mon parcours et de mes exp\u00e9riences.<\/span><\/div>\n<div class=\"x1e56ztr\"><span class=\"x193iq5w xeuugli x13faqbe x1vvkbs x1xmvt09 x6prxxf xvq8zen xo1l8bm xzsf02u\"><strong><span class=\"html-span xdj266r x11i5rnm xat24cr x1mh8g0r xexx8yu x4uap5 x18d9i69 xkhd6sd x1hl2dhg x16tdsg8 x1vvkbs\"><i class=\"html-i xdj266r x11i5rnm xat24cr x1mh8g0r xexx8yu x4uap5 x18d9i69 xkhd6sd x1hl2dhg x16tdsg8 x1vvkbs\">La neurodiversit\u00e9 d\u00e9voil\u00e9e\u00a0<\/i><\/span>:<\/strong> Explication des concepts cl\u00e9s et des d\u00e9fis courants.<\/span><\/div>\n<div class=\"x1e56ztr\"><span class=\"x193iq5w xeuugli x13faqbe x1vvkbs x1xmvt09 x6prxxf xvq8zen xo1l8bm xzsf02u\"><strong><span class=\"html-span xdj266r x11i5rnm xat24cr x1mh8g0r xexx8yu x4uap5 x18d9i69 xkhd6sd x1hl2dhg x16tdsg8 x1vvkbs\"><i class=\"html-i xdj266r x11i5rnm xat24cr x1mh8g0r xexx8yu x4uap5 x18d9i69 xkhd6sd x1hl2dhg x16tdsg8 x1vvkbs\">Accommodements en milieu de travail<\/i><\/span>\u00a0:<\/strong> Exploration des strat\u00e9gies et des meilleures pratiques.<\/span><\/div>\n<div class=\"x1e56ztr\"><span class=\"x193iq5w xeuugli x13faqbe x1vvkbs x1xmvt09 x6prxxf xvq8zen xo1l8bm xzsf02u\"><strong><span class=\"html-span xdj266r x11i5rnm xat24cr x1mh8g0r xexx8yu x4uap5 x18d9i69 xkhd6sd x1hl2dhg x16tdsg8 x1vvkbs\"><i class=\"html-i xdj266r x11i5rnm xat24cr x1mh8g0r xexx8yu x4uap5 x18d9i69 xkhd6sd x1hl2dhg x16tdsg8 x1vvkbs\">Questions interactives :<\/i><\/span><\/strong>\u00a0Testez vos connaissances avec des questions interactives et engageantes.<\/span><\/div>\n<div class=\"x1e56ztr\"><span class=\"x193iq5w xeuugli x13faqbe x1vvkbs x1xmvt09 x6prxxf xvq8zen xo1l8bm xzsf02u\"><strong><span class=\"html-span xdj266r x11i5rnm xat24cr x1mh8g0r xexx8yu x4uap5 x18d9i69 xkhd6sd x1hl2dhg x16tdsg8 x1vvkbs\"><i class=\"html-i xdj266r x11i5rnm xat24cr x1mh8g0r xexx8yu x4uap5 x18d9i69 xkhd6sd x1hl2dhg x16tdsg8 x1vvkbs\">Discussion et r\u00e9flexion\u00a0<\/i><\/span>:<\/strong> Chaque participant doit poser une question afin d&rsquo;ouvrir la discussions et \u00e9teindre les tabous. Encouragez une r\u00e9flexion approfondie et des discussions ouvertes sur la mise en place d&rsquo;un environnement de travail inclusif.<\/span><\/div>\n<\/div>\n<div>\n","protected":false},"excerpt":{"rendered":"<p>Lunch and Learn, utilisez votre heure de diner pour apprendre \ud83d\ude42 Mercredi le 14 ao\u00fbt 2024 \u00e0 12h15 \u00e0 13h Lieu: Google meet Pour voir mon travail gratuitement avec l&rsquo;\u00e9v\u00e9nement de sensibilisation \u00e0 la neurodiversit\u00e9: https:\/\/buymeacoffee.com\/neuromelly (2 \u00e9v\u00e9nements en anglais et 1 en fran\u00e7ais) Cet atelier s&rsquo;adresse \u00e0 tous et vise \u00e0 ouvrir le dialogue [&hellip;]<\/p>\n","protected":false},"featured_media":1604,"comment_status":"open","ping_status":"closed","template":"","meta":[],"product_brand":[],"product_cat":[32],"product_tag":[],"class_list":{"0":"post-1325","1":"product","2":"type-product","3":"status-publish","4":"has-post-thumbnail","6":"product_cat-tickets","8":"first","9":"instock","10":"virtual","11":"purchasable","12":"product-type-simple"},"translation":{"provider":"WPGlobus","version":"3.0.0","language":"fr","enabled_languages":["en","fr"],"languages":{"en":{"title":true,"content":true,"excerpt":false},"fr":{"title":true,"content":true,"excerpt":false}}},"jetpack_sharing_enabled":true,"_links":{"self":[{"href":"https:\/\/neuromelly.com\/fr\/wp-json\/wp\/v2\/product\/1325","targetHints":{"allow":["GET"]}}],"collection":[{"href":"https:\/\/neuromelly.com\/fr\/wp-json\/wp\/v2\/product"}],"about":[{"href":"https:\/\/neuromelly.com\/fr\/wp-json\/wp\/v2\/types\/product"}],"replies":[{"embeddable":true,"href":"https:\/\/neuromelly.com\/fr\/wp-json\/wp\/v2\/comments?post=1325"}],"version-history":[{"count":15,"href":"https:\/\/neuromelly.com\/fr\/wp-json\/wp\/v2\/product\/1325\/revisions"}],"predecessor-version":[{"id":1633,"href":"https:\/\/neuromelly.com\/fr\/wp-json\/wp\/v2\/product\/1325\/revisions\/1633"}],"wp:featuredmedia":[{"embeddable":true,"href":"https:\/\/neuromelly.com\/fr\/wp-json\/wp\/v2\/media\/1604"}],"wp:attachment":[{"href":"https:\/\/neuromelly.com\/fr\/wp-json\/wp\/v2\/media?parent=1325"}],"wp:term":[{"taxonomy":"product_brand","embeddable":true,"href":"https:\/\/neuromelly.com\/fr\/wp-json\/wp\/v2\/product_brand?post=1325"},{"taxonomy":"product_cat","embeddable":true,"href":"https:\/\/neuromelly.com\/fr\/wp-json\/wp\/v2\/product_cat?post=1325"},{"taxonomy":"product_tag","embeddable":true,"href":"https:\/\/neuromelly.com\/fr\/wp-json\/wp\/v2\/product_tag?post=1325"}],"curies":[{"name":"wp","href":"https:\/\/api.w.org\/{rel}","templated":true}]}}