{"id":260,"date":"2023-03-17T13:37:04","date_gmt":"2023-03-17T13:37:04","guid":{"rendered":"https:\/\/neuromelly.com\/?page_id=260"},"modified":"2024-11-07T15:37:19","modified_gmt":"2024-11-07T20:37:19","slug":"home","status":"publish","type":"page","link":"https:\/\/neuromelly.com\/fr\/","title":{"rendered":"Accueil"},"content":{"rendered":"<style>\/*! elementor - v3.16.0 - 20-09-2023 *\/\n.elementor-widget-image{text-align:center}.elementor-widget-image a{display:inline-block}.elementor-widget-image a img[src$=\".svg\"]{width:48px}.elementor-widget-image img{vertical-align:middle;display:inline-block}<\/style>\n<p>\t\t\t\t\t\t\t\t\t\t\t\t\t<a href=\"https:\/\/neuromelly.com\/\"><br \/>\n\t\t\t\t\t\t\t<img loading=\"lazy\" decoding=\"async\" width=\"476\" height=\"160\" src=\"https:\/\/neuromelly.com\/wp-content\/uploads\/2023\/04\/NeuroMelly-12-e1681299447556.png\" alt=\"\" loading=\"lazy\" srcset=\"https:\/\/neuromelly.com\/wp-content\/uploads\/2023\/04\/NeuroMelly-12-e1681299447556.png 476w, https:\/\/neuromelly.com\/wp-content\/uploads\/2023\/04\/NeuroMelly-12-e1681299447556-300x101.png 300w\" sizes=\"auto, (max-width: 476px) 100vw, 476px\" \/>\t\t\t\t\t\t\t\t<\/a><br \/>\n\t\t\t\t\t\t\t\t\t\t\t\t\t\t\t<img loading=\"lazy\" decoding=\"async\" width=\"800\" height=\"135\" src=\"https:\/\/neuromelly.com\/wp-content\/uploads\/2023\/09\/ARISTA_Banniere-LK1-1024x173.png\" alt=\"\" loading=\"lazy\" srcset=\"https:\/\/neuromelly.com\/wp-content\/uploads\/2023\/09\/ARISTA_Banniere-LK1-1024x173.png 1024w, https:\/\/neuromelly.com\/wp-content\/uploads\/2023\/09\/ARISTA_Banniere-LK1-300x51.png 300w, https:\/\/neuromelly.com\/wp-content\/uploads\/2023\/09\/ARISTA_Banniere-LK1-768x130.png 768w, https:\/\/neuromelly.com\/wp-content\/uploads\/2023\/09\/ARISTA_Banniere-LK1-1536x260.png 1536w, https:\/\/neuromelly.com\/wp-content\/uploads\/2023\/09\/ARISTA_Banniere-LK1-2048x347.png 2048w, https:\/\/neuromelly.com\/wp-content\/uploads\/2023\/09\/ARISTA_Banniere-LK1-600x102.png 600w\" sizes=\"auto, (max-width: 800px) 100vw, 800px\" \/><br \/>\n\t\t<div style=\"width: 640px;\" class=\"wp-video\"><video class=\"wp-video-shortcode\" id=\"video-260-1\" width=\"640\" height=\"360\" preload=\"metadata\" controls=\"controls\"><source type=\"video\/mp4\" src=\"https:\/\/neuromelly.com\/wp-content\/uploads\/2023\/09\/arista2023_06_autonome_melly_moore_online_v3-Original.mp4?_=1\" \/><a href=\"https:\/\/neuromelly.com\/wp-content\/uploads\/2023\/09\/arista2023_06_autonome_melly_moore_online_v3-Original.mp4\">https:\/\/neuromelly.com\/wp-content\/uploads\/2023\/09\/arista2023_06_autonome_melly_moore_online_v3-Original.mp4<\/a><\/video><\/div>\t\t<\/p>\n<style>\/*! elementor - v3.16.0 - 20-09-2023 *\/\n.elementor-column .elementor-spacer-inner{height:var(--spacer-size)}.e-con{--container-widget-width:100%}.e-con-inner>.elementor-widget-spacer,.e-con>.elementor-widget-spacer{width:var(--container-widget-width,var(--spacer-size));--align-self:var(--container-widget-align-self,initial);--flex-shrink:0}.e-con-inner>.elementor-widget-spacer>.elementor-widget-container,.e-con>.elementor-widget-spacer>.elementor-widget-container{height:100%;width:100%}.e-con-inner>.elementor-widget-spacer>.elementor-widget-container>.elementor-spacer,.e-con>.elementor-widget-spacer>.elementor-widget-container>.elementor-spacer{height:100%}.e-con-inner>.elementor-widget-spacer>.elementor-widget-container>.elementor-spacer>.elementor-spacer-inner,.e-con>.elementor-widget-spacer>.elementor-widget-container>.elementor-spacer>.elementor-spacer-inner{height:var(--container-widget-height,var(--spacer-size))}.e-con-inner>.elementor-widget-spacer.elementor-widget-empty,.e-con>.elementor-widget-spacer.elementor-widget-empty{position:relative;min-height:22px;min-width:22px}.e-con-inner>.elementor-widget-spacer.elementor-widget-empty .elementor-widget-empty-icon,.e-con>.elementor-widget-spacer.elementor-widget-empty .elementor-widget-empty-icon{position:absolute;top:0;bottom:0;left:0;right:0;margin:auto;padding:0;width:22px;height:22px}<\/style>\n<style>\/*! elementor - v3.16.0 - 20-09-2023 *\/\n.elementor-heading-title{padding:0;margin:0;line-height:1}.elementor-widget-heading .elementor-heading-title[class*=elementor-size-]>a{color:inherit;font-size:inherit;line-height:inherit}.elementor-widget-heading .elementor-heading-title.elementor-size-small{font-size:15px}.elementor-widget-heading .elementor-heading-title.elementor-size-medium{font-size:19px}.elementor-widget-heading .elementor-heading-title.elementor-size-large{font-size:29px}.elementor-widget-heading .elementor-heading-title.elementor-size-xl{font-size:39px}.elementor-widget-heading .elementor-heading-title.elementor-size-xxl{font-size:59px}<\/style>\n<h5>Ma Bio<\/h5>\n<p>Melly Moore (Melissande Dextras) est une militante neurodivergente et cr\u00e9atrice de contenu bas\u00e9e \u00e0 Montr\u00e9al, au Canada. Elle est la fondatrice de l&rsquo;entreprise NeuroMelly qui combine \u00ab\u00a0The Neurodiverse Tribe\u00a0\u00bb, un groupe de soutien exclusif pour les personnes neurodivergentes, et \u00ab\u00a0The NeuroMelly Show\u00a0\u00bb, une \u00e9mission en direct sur le web qui explore ses exp\u00e9riences et celles de ses invit\u00e9s avec la neurodiversit\u00e9. Melly a \u00e9galement organis\u00e9\u00a0\u00ab\u00a0L&rsquo;\u00e9v\u00e9nement de sensibilisation de la neurodiversit\u00e9\u00a0\u00bb, qui a rassembl\u00e9 plus de 400 personnes en personne et en ligne pour sensibiliser \u00e0 la neurodiversit\u00e9.\u00a0<\/p>\n<p>\t\t\t<a href=\"https:\/\/neuromelly.com\/wp-content\/uploads\/2023\/03\/CVMelly2023.pdf\" target=\"_blank\" rel=\"noopener\"><br \/>\n\t\t\t\t\t\tMon CV<br \/>\n\t\t\t\t\t<\/a><\/p>\n<h3>Nos projets<\/h3>\n<p>\t\t\t\t\t\t\t\t\t\t\t\t\t\t\t\t<a href=\"https:\/\/www.theadhdmellyshow.com\"><br \/>\n\t\t\t\t\t\t\t<img loading=\"lazy\" decoding=\"async\" width=\"500\" height=\"500\" src=\"https:\/\/neuromelly.com\/wp-content\/uploads\/2023\/03\/NeuroMelly-6.png\" alt=\"\" loading=\"lazy\" srcset=\"https:\/\/neuromelly.com\/wp-content\/uploads\/2023\/03\/NeuroMelly-6.png 500w, https:\/\/neuromelly.com\/wp-content\/uploads\/2023\/03\/NeuroMelly-6-300x300.png 300w, https:\/\/neuromelly.com\/wp-content\/uploads\/2023\/03\/NeuroMelly-6-100x100.png 100w, https:\/\/neuromelly.com\/wp-content\/uploads\/2023\/03\/NeuroMelly-6-150x150.png 150w\" sizes=\"auto, (max-width: 500px) 100vw, 500px\" \/>\t\t\t\t\t\t\t\t<\/a><\/p>\n<h1>Le podcast<\/h1>\n<p>\t\t\t<a href=\"https:\/\/www.podcast.neuromelly.com\/\"><br \/>\n\t\t\t\t\t\t\u00c9coutez Le!<br \/>\n\t\t\t\t\t<\/a><br \/>\n\t\t\t\t\t\t\t\t\t\t\t\t\t\t\t\t<a href=\"https:\/\/www.theadhdmellyshow.com\/neurodivergent-event-in-montreal\/\"><br \/>\n\t\t\t\t\t\t\t<img loading=\"lazy\" decoding=\"async\" width=\"500\" height=\"500\" src=\"https:\/\/neuromelly.com\/wp-content\/uploads\/2023\/09\/Teal-White-Simple-Facebook-Shop-Logo-7.png\" alt=\"\" loading=\"lazy\" srcset=\"https:\/\/neuromelly.com\/wp-content\/uploads\/2023\/09\/Teal-White-Simple-Facebook-Shop-Logo-7.png 500w, https:\/\/neuromelly.com\/wp-content\/uploads\/2023\/09\/Teal-White-Simple-Facebook-Shop-Logo-7-300x300.png 300w, https:\/\/neuromelly.com\/wp-content\/uploads\/2023\/09\/Teal-White-Simple-Facebook-Shop-Logo-7-150x150.png 150w, https:\/\/neuromelly.com\/wp-content\/uploads\/2023\/09\/Teal-White-Simple-Facebook-Shop-Logo-7-100x100.png 100w\" sizes=\"auto, (max-width: 500px) 100vw, 500px\" \/>\t\t\t\t\t\t\t\t<\/a><\/p>\n<h4>L&rsquo;\u00e9v\u00e9nement<\/h4>\n<p>\t\t\t<a href=\"https:\/\/neuromelly.com\/fr\/levenement-de-sensibilisation-a-la-neurodiversite\/\"><br \/>\n\t\t\t\t\t\tAchetez Votre Billet<br \/>\n\t\t\t\t\t<\/a><br \/>\n\t\t\t\t\t\t\t\t\t\t\t\t\t\t\t\t<a href=\"https:\/\/www.buymeacoffee.com\/adhdmelly\"><br \/>\n\t\t\t\t\t\t\t<img loading=\"lazy\" decoding=\"async\" width=\"500\" height=\"500\" src=\"https:\/\/neuromelly.com\/wp-content\/uploads\/2023\/09\/NeuroMelly-16.png\" alt=\"\" loading=\"lazy\" srcset=\"https:\/\/neuromelly.com\/wp-content\/uploads\/2023\/09\/NeuroMelly-16.png 500w, https:\/\/neuromelly.com\/wp-content\/uploads\/2023\/09\/NeuroMelly-16-300x300.png 300w, https:\/\/neuromelly.com\/wp-content\/uploads\/2023\/09\/NeuroMelly-16-150x150.png 150w, https:\/\/neuromelly.com\/wp-content\/uploads\/2023\/09\/NeuroMelly-16-100x100.png 100w\" sizes=\"auto, (max-width: 500px) 100vw, 500px\" \/>\t\t\t\t\t\t\t\t<\/a><\/p>\n<h4>La Tribu<\/h4>\n<p>\t\t\t<a href=\"https:\/\/www.buymeacoffee.com\/neuromelly\"><br \/>\n\t\t\t\t\t\tDevenir Membre<br \/>\n\t\t\t\t\t<\/a><br \/>\n\t\t\t\t\t\t\t\t\t\t\t\t\t\t\t\t<a href=\"https:\/\/www.bonfire.com\/store\/neuromelly\/\"><br \/>\n\t\t\t\t\t\t\t<img loading=\"lazy\" decoding=\"async\" width=\"300\" height=\"300\" src=\"https:\/\/neuromelly.com\/wp-content\/uploads\/2023\/03\/NeuroMelly-4-300x300.png\" alt=\"\" loading=\"lazy\" srcset=\"https:\/\/neuromelly.com\/wp-content\/uploads\/2023\/03\/NeuroMelly-4-300x300.png 300w, https:\/\/neuromelly.com\/wp-content\/uploads\/2023\/03\/NeuroMelly-4-100x100.png 100w, https:\/\/neuromelly.com\/wp-content\/uploads\/2023\/03\/NeuroMelly-4-150x150.png 150w, https:\/\/neuromelly.com\/wp-content\/uploads\/2023\/03\/NeuroMelly-4.png 500w\" sizes=\"auto, (max-width: 300px) 100vw, 300px\" \/>\t\t\t\t\t\t\t\t<\/a><\/p>\n<h4><a href=\"https:\/\/www.bonfire.com\/store\/neuromelly\/\" target=\"_blank\" rel=\"noopener\">Les T-shirts<\/a><\/h4>\n<p>\t\t\t<a href=\"https:\/\/www.bonfire.com\/store\/neuromelly\/\"><br \/>\n\t\t\t\t\t\tAchetez Le!<br \/>\n\t\t\t\t\t<\/a><\/p>\n<h3>On parle de nous!<\/h3>\n<link rel=\"stylesheet\" href=\"https:\/\/neuromelly.com\/wp-content\/plugins\/elementor-pro\/assets\/css\/widget-carousel.min.css\">\n\t\t\t\t\t\t\t<a href=\"https:\/\/nouvelles.esg.uqam.ca\/2023\/consecration-linnovation-decouvrez-les-laureats-concours-mon-entreprise-lesg-uqam\/\"><br \/>\n\t\t<\/a><br \/>\n\t\t\t\t\t\t\t<a href=\"\"><br \/>\n\t\t<\/a><br \/>\n\t\t\t\t\t\t\t<a href=\"https:\/\/journalmetro.com\/evenement\/evenement-de-sensibilisation-a-la-neurodiversite\/\"><br \/>\n\t\t<\/a><br \/>\n\t\t\t\t\t\t\t<a href=\"https:\/\/www.jccm.org\/article\/bienveillance-et-leadership-ne-sont-pas-des-antonymes\"><br \/>\n\t\t<\/a><br \/>\n\t\t\t\t\t\t\t<a href=\"https:\/\/inspirationsnews.com\/inspirations\/articles\/melly-show-hosts-2nd-neurodivergent-awareness-event\"><br \/>\n\t\t<\/a><br \/>\n\t\t\t\t\t\t\t\t\t\t\t\t\t\tPrevious<br \/>\n\t\t\t\t\t\t\t\t\t\t\t\t\t\tNext<br \/>\n\t\t\t\t\t\t\t\t\t\t\t\t\t\t\t<img loading=\"lazy\" decoding=\"async\" width=\"150\" height=\"150\" src=\"https:\/\/neuromelly.com\/wp-content\/uploads\/2023\/03\/NeuroMelly-8-150x150.png\" alt=\"\" loading=\"lazy\" srcset=\"https:\/\/neuromelly.com\/wp-content\/uploads\/2023\/03\/NeuroMelly-8-150x150.png 150w, https:\/\/neuromelly.com\/wp-content\/uploads\/2023\/03\/NeuroMelly-8-300x300.png 300w, https:\/\/neuromelly.com\/wp-content\/uploads\/2023\/03\/NeuroMelly-8-100x100.png 100w, https:\/\/neuromelly.com\/wp-content\/uploads\/2023\/03\/NeuroMelly-8.png 500w\" sizes=\"auto, (max-width: 150px) 100vw, 150px\" \/>\t\t\t\t\t\t\t\t\t\t\t\t\t\t\t<\/p>\n<p>\u00a9 2022 NeuroMelly<\/p>\n<p>melly@neuromelly.com<\/p>\n<p>4388, Rue Saint-Denis, Suite 200 #659, Montreal, QC H2J 2L1<\/p>\n<style>\/*! elementor - v3.16.0 - 20-09-2023 *\/\n.elementor-widget-social-icons.elementor-grid-0 .elementor-widget-container,.elementor-widget-social-icons.elementor-grid-mobile-0 .elementor-widget-container,.elementor-widget-social-icons.elementor-grid-tablet-0 .elementor-widget-container{line-height:1;font-size:0}.elementor-widget-social-icons:not(.elementor-grid-0):not(.elementor-grid-tablet-0):not(.elementor-grid-mobile-0) .elementor-grid{display:inline-grid}.elementor-widget-social-icons .elementor-grid{grid-column-gap:var(--grid-column-gap,5px);grid-row-gap:var(--grid-row-gap,5px);grid-template-columns:var(--grid-template-columns);justify-content:var(--justify-content,center);justify-items:var(--justify-content,center)}.elementor-icon.elementor-social-icon{font-size:var(--icon-size,25px);line-height:var(--icon-size,25px);width:calc(var(--icon-size, 25px) + (2 * var(--icon-padding, .5em)));height:calc(var(--icon-size, 25px) + (2 * var(--icon-padding, .5em)))}.elementor-social-icon{--e-social-icon-icon-color:#fff;display:inline-flex;background-color:#69727d;align-items:center;justify-content:center;text-align:center;cursor:pointer}.elementor-social-icon i{color:var(--e-social-icon-icon-color)}.elementor-social-icon svg{fill:var(--e-social-icon-icon-color)}.elementor-social-icon:last-child{margin:0}.elementor-social-icon:hover{opacity:.9;color:#fff}.elementor-social-icon-android{background-color:#a4c639}.elementor-social-icon-apple{background-color:#999}.elementor-social-icon-behance{background-color:#1769ff}.elementor-social-icon-bitbucket{background-color:#205081}.elementor-social-icon-codepen{background-color:#000}.elementor-social-icon-delicious{background-color:#39f}.elementor-social-icon-deviantart{background-color:#05cc47}.elementor-social-icon-digg{background-color:#005be2}.elementor-social-icon-dribbble{background-color:#ea4c89}.elementor-social-icon-elementor{background-color:#d30c5c}.elementor-social-icon-envelope{background-color:#ea4335}.elementor-social-icon-facebook,.elementor-social-icon-facebook-f{background-color:#3b5998}.elementor-social-icon-flickr{background-color:#0063dc}.elementor-social-icon-foursquare{background-color:#2d5be3}.elementor-social-icon-free-code-camp,.elementor-social-icon-freecodecamp{background-color:#006400}.elementor-social-icon-github{background-color:#333}.elementor-social-icon-gitlab{background-color:#e24329}.elementor-social-icon-globe{background-color:#69727d}.elementor-social-icon-google-plus,.elementor-social-icon-google-plus-g{background-color:#dd4b39}.elementor-social-icon-houzz{background-color:#7ac142}.elementor-social-icon-instagram{background-color:#262626}.elementor-social-icon-jsfiddle{background-color:#487aa2}.elementor-social-icon-link{background-color:#818a91}.elementor-social-icon-linkedin,.elementor-social-icon-linkedin-in{background-color:#0077b5}.elementor-social-icon-medium{background-color:#00ab6b}.elementor-social-icon-meetup{background-color:#ec1c40}.elementor-social-icon-mixcloud{background-color:#273a4b}.elementor-social-icon-odnoklassniki{background-color:#f4731c}.elementor-social-icon-pinterest{background-color:#bd081c}.elementor-social-icon-product-hunt{background-color:#da552f}.elementor-social-icon-reddit{background-color:#ff4500}.elementor-social-icon-rss{background-color:#f26522}.elementor-social-icon-shopping-cart{background-color:#4caf50}.elementor-social-icon-skype{background-color:#00aff0}.elementor-social-icon-slideshare{background-color:#0077b5}.elementor-social-icon-snapchat{background-color:#fffc00}.elementor-social-icon-soundcloud{background-color:#f80}.elementor-social-icon-spotify{background-color:#2ebd59}.elementor-social-icon-stack-overflow{background-color:#fe7a15}.elementor-social-icon-steam{background-color:#00adee}.elementor-social-icon-stumbleupon{background-color:#eb4924}.elementor-social-icon-telegram{background-color:#2ca5e0}.elementor-social-icon-thumb-tack{background-color:#1aa1d8}.elementor-social-icon-tripadvisor{background-color:#589442}.elementor-social-icon-tumblr{background-color:#35465c}.elementor-social-icon-twitch{background-color:#6441a5}.elementor-social-icon-twitter{background-color:#1da1f2}.elementor-social-icon-viber{background-color:#665cac}.elementor-social-icon-vimeo{background-color:#1ab7ea}.elementor-social-icon-vk{background-color:#45668e}.elementor-social-icon-weibo{background-color:#dd2430}.elementor-social-icon-weixin{background-color:#31a918}.elementor-social-icon-whatsapp{background-color:#25d366}.elementor-social-icon-wordpress{background-color:#21759b}.elementor-social-icon-xing{background-color:#026466}.elementor-social-icon-yelp{background-color:#af0606}.elementor-social-icon-youtube{background-color:#cd201f}.elementor-social-icon-500px{background-color:#0099e5}.elementor-shape-rounded .elementor-icon.elementor-social-icon{border-radius:10%}.elementor-shape-circle .elementor-icon.elementor-social-icon{border-radius:50%}<\/style>\n<p>\t\t\t\t\t<a href=\"https:\/\/www.linkedin.com\/in\/melly-moore\/\" target=\"_blank\" rel=\"noopener\"><br \/>\n\t\t\t\t\t\tLinkedin<br \/>\n\t\t\t\t\t\t\t\t\t\t\t<\/a><br \/>\n\t\t\t\t\t<a href=\"https:\/\/www.instagram.com\/neuromelly\" target=\"_blank\" rel=\"noopener\"><br \/>\n\t\t\t\t\t\tInstagram<br \/>\n\t\t\t\t\t\t\t\t\t\t\t<\/a><br \/>\n\t\t\t\t\t<a href=\"https:\/\/www.facebook.com\/neuromelly\" target=\"_blank\" rel=\"noopener\"><br \/>\n\t\t\t\t\t\tFacebook<br \/>\n\t\t\t\t\t\t\t\t\t\t\t<\/a><br \/>\n\t\t\t\t\t<a href=\"https:\/\/www.youtube.com\/channel\/UCt8a9Btiy62kYUeCCnlVlzw\" target=\"_blank\" rel=\"noopener\"><br \/>\n\t\t\t\t\t\tYoutube<br \/>\n\t\t\t\t\t\t\t\t\t\t\t<\/a><br \/>\n\t\t\t\t\t<a target=\"_blank\" rel=\"noopener\"><br \/>\n\t\t\t\t\t\tTiktok<br \/>\n\t\t\t\t\t\t\t\t\t\t\t<\/a><br \/>\n\t\t\t<!DOCTYPE html><br \/>\n<html lang=\"fr\"><br \/>\n<head><br \/>\n    <meta charset=\"UTF-8\"><br \/>\n    <meta name=\"viewport\" content=\"width=device-width, initial-scale=1.0\"><br \/>\n    <title>Mailchimp Form<\/title><\/p>\n<style>\n        body {\n            font-family: \"Raleway\", Sans-serif;\n            font-weight: 500;\n            color: #796D61;\n        }\n        .mailchimp-form {\n            display: flex;\n            flex-direction: column;\n            align-items: Left;\n        }\n        .mailchimp-form h2 {\n            font-size: 18px;\n            margin-bottom: 10px;\n        }\n        .mailchimp-form form {\n            display: flex;\n            align-items: center;\n        }\n        .mailchimp-form input[type=\"email\"] {\n            padding: 10px;\n            border: 1px solid #796D61;\n            margin-right: 10px;\n        }\n        .mailchimp-form input[type=\"submit\"] {\n            padding: 10px;\n            border: none;\n            background-color: #FFE4CF;\n            color: #796D61;\n            cursor: pointer;\n        }\n        .mailchimp-form input[type=\"submit\"]:hover {\n            background-color: #FFD6BA;\n        }\n    <\/style>\n<p><\/head><br \/>\n<body><\/p>\n<h2>Abonnez-vous \u00e0 notre newsletter<\/h2>\n<form action=\"https:\/\/neuromelly.us11.list-manage.com\/subscribe\/post?u=f731105c0f915b0d9bbc1a65c&amp;id=22c51a4a5b&amp;f_id=00f09fe0f0\" method=\"post\" target=\"_blank\">\n            <input type=\"email\" name=\"EMAIL\" placeholder=\"Courriel\" required><br \/>\n            <input type=\"submit\" value=\"S'abonner\"><br \/>\n        <\/form>\n<p><\/body><br \/>\n<\/html><\/p>\n","protected":false},"excerpt":{"rendered":"<p>https:\/\/neuromelly.com\/wp-content\/uploads\/2023\/09\/arista2023_06_autonome_melly_moore_online_v3-Original.mp4 Ma Bio Melly Moore (Melissande Dextras) est une militante neurodivergente et cr\u00e9atrice de contenu bas\u00e9e \u00e0 Montr\u00e9al, au Canada. Elle est la fondatrice de l&rsquo;entreprise NeuroMelly qui combine \u00ab\u00a0The Neurodiverse Tribe\u00a0\u00bb, un groupe de soutien exclusif pour les personnes neurodivergentes, et \u00ab\u00a0The NeuroMelly Show\u00a0\u00bb, une \u00e9mission en direct sur le web qui explore ses [&hellip;]<\/p>\n","protected":false},"author":1,"featured_media":0,"parent":0,"menu_order":0,"comment_status":"closed","ping_status":"closed","template":"elementor_canvas","meta":{"footnotes":""},"class_list":["post-260","page","type-page","status-publish","hentry"],"translation":{"provider":"WPGlobus","version":"3.0.0","language":"fr","enabled_languages":["en","fr"],"languages":{"en":{"title":true,"content":true,"excerpt":false},"fr":{"title":true,"content":true,"excerpt":false}}},"jetpack_sharing_enabled":true,"_links":{"self":[{"href":"https:\/\/neuromelly.com\/fr\/wp-json\/wp\/v2\/pages\/260","targetHints":{"allow":["GET"]}}],"collection":[{"href":"https:\/\/neuromelly.com\/fr\/wp-json\/wp\/v2\/pages"}],"about":[{"href":"https:\/\/neuromelly.com\/fr\/wp-json\/wp\/v2\/types\/page"}],"author":[{"embeddable":true,"href":"https:\/\/neuromelly.com\/fr\/wp-json\/wp\/v2\/users\/1"}],"replies":[{"embeddable":true,"href":"https:\/\/neuromelly.com\/fr\/wp-json\/wp\/v2\/comments?post=260"}],"version-history":[{"count":195,"href":"https:\/\/neuromelly.com\/fr\/wp-json\/wp\/v2\/pages\/260\/revisions"}],"predecessor-version":[{"id":1718,"href":"https:\/\/neuromelly.com\/fr\/wp-json\/wp\/v2\/pages\/260\/revisions\/1718"}],"wp:attachment":[{"href":"https:\/\/neuromelly.com\/fr\/wp-json\/wp\/v2\/media?parent=260"}],"curies":[{"name":"wp","href":"https:\/\/api.w.org\/{rel}","templated":true}]}}